{"id":2195,"date":"2025-05-22T13:24:09","date_gmt":"2025-05-22T13:24:09","guid":{"rendered":"https:\/\/spiralia.es\/?page_id=2195"},"modified":"2026-03-05T11:30:08","modified_gmt":"2026-03-05T11:30:08","slug":"comunicacion-creativa","status":"publish","type":"page","link":"https:\/\/spiralia.es\/en\/comunicacion-creativa\/","title":{"rendered":"Communication"},"content":{"rendered":"<div id=\"fws_69e8bbdbc3aa8\"  data-column-margin=\"default\" data-midnight=\"dark\" data-top-percent=\"18%\" data-bottom-percent=\"8%\"  class=\"wpb_row vc_row-fluid vc_row full-width-section\"  style=\"padding-top: calc(100vw * 0.18); padding-bottom: calc(100vw * 0.08); \"><div class=\"row-bg-wrap\" data-bg-animation=\"none\" data-bg-animation-delay=\"\" data-bg-overlay=\"true\"><div class=\"inner-wrap row-bg-layer using-image\" ><div class=\"row-bg viewport-desktop using-image using-bg-color\"  style=\"background-image: url(https:\/\/spiralia.es\/wp-content\/uploads\/2025\/09\/Spiralia-communications-01_Socialmedia.webp); background-position: center center; background-repeat: no-repeat; background-color: #08263d; \"><\/div><\/div><div class=\"row-bg-overlay row-bg-layer\" style=\"background-color:#08263d;  opacity: 0.3; \"><\/div><\/div><div class=\"row_col_wrap_12 col span_12 dark left\">\n\t<div  class=\"vc_col-sm-12 wpb_column column_container vc_column_container col no-extra-padding inherit_tablet inherit_phone\"  data-padding-pos=\"all\" data-has-bg-color=\"false\" data-bg-color=\"\" data-bg-opacity=\"1\" data-animation=\"\" data-delay=\"0\" >\n\t\t<div class=\"vc_column-inner\" >\n\t\t\t<div class=\"wpb_wrapper\">\n\t\t\t\t<div id=\"fws_69e8bbdbc4189\" data-midnight=\"\" data-column-margin=\"default\" class=\"wpb_row vc_row-fluid vc_row inner_row\"  style=\"\"><div class=\"row-bg-wrap\"> <div class=\"row-bg\" ><\/div> <\/div><div class=\"row_col_wrap_12_inner col span_12  left\">\n\t<div  class=\"vc_col-sm-4 wpb_column column_container vc_column_container col child_column no-extra-padding inherit_tablet inherit_phone\"   data-padding-pos=\"all\" data-has-bg-color=\"false\" data-bg-color=\"\" data-bg-opacity=\"1\" data-animation=\"\" data-delay=\"0\" >\n\t\t<div class=\"vc_column-inner\" >\n\t\t<div class=\"wpb_wrapper\">\n\t\t\t\n\t\t<\/div> \n\t<\/div>\n\t<\/div> \n\n\t<div  class=\"vc_col-sm-4 wpb_column column_container vc_column_container col child_column has-animation no-extra-padding inherit_tablet inherit_phone\"   data-padding-pos=\"all\" data-has-bg-color=\"false\" data-bg-color=\"\" data-bg-opacity=\"1\" data-animation=\"grow-in\" data-delay=\"0\" >\n\t\t<div class=\"vc_column-inner\" >\n\t\t<div class=\"wpb_wrapper\">\n\t\t\t<div class=\"img-with-aniamtion-wrap center\" data-max-width=\"100%\" data-max-width-mobile=\"default\" data-shadow=\"none\" data-animation=\"none\" >\n      <div class=\"inner\">\n        <div class=\"hover-wrap\"> \n          <div class=\"hover-wrap-inner\">\n            <img loading=\"lazy\" decoding=\"async\" class=\"img-with-animation skip-lazy\" data-delay=\"0\" height=\"100\" width=\"100\" data-animation=\"none\" src=\"https:\/\/spiralia.es\/wp-content\/uploads\/2025\/05\/spiralia-comm-white.svg\" alt=\"\"  \/>\n          <\/div>\n        <\/div>\n      <\/div>\n    <\/div>\n\t\t<\/div> \n\t<\/div>\n\t<\/div> \n\n\t<div  class=\"vc_col-sm-4 wpb_column column_container vc_column_container col child_column no-extra-padding inherit_tablet inherit_phone\"   data-padding-pos=\"all\" data-has-bg-color=\"false\" data-bg-color=\"\" data-bg-opacity=\"1\" data-animation=\"\" data-delay=\"0\" >\n\t\t<div class=\"vc_column-inner\" >\n\t\t<div class=\"wpb_wrapper\">\n\t\t\t\n\t\t<\/div> \n\t<\/div>\n\t<\/div> \n<\/div><\/div>\n\t\t\t<\/div> \n\t\t<\/div>\n\t<\/div> \n<\/div><\/div>\n\t\t<div id=\"fws_69e8bbdbc51ad\"  data-column-margin=\"default\" data-midnight=\"dark\" data-top-percent=\"4%\" data-bottom-percent=\"4%\"  class=\"wpb_row vc_row-fluid vc_row full-width-section\"  style=\"padding-top: calc(100vw * 0.04); padding-bottom: calc(100vw * 0.04); \"><div class=\"row-bg-wrap\" data-bg-animation=\"none\" data-bg-animation-delay=\"\" data-bg-overlay=\"false\"><div class=\"inner-wrap row-bg-layer\" ><div class=\"row-bg viewport-desktop using-bg-color\"  style=\"background-color: #e0dfda; \"><\/div><\/div><\/div><div class=\"row_col_wrap_12 col span_12 dark left\">\n\t<div  class=\"vc_col-sm-12 wpb_column column_container vc_column_container col centered-text no-extra-padding force-desktop-text-align-center inherit_tablet inherit_phone\"  data-padding-pos=\"all\" data-has-bg-color=\"false\" data-bg-color=\"\" data-bg-opacity=\"1\" data-animation=\"\" data-delay=\"0\" >\n\t\t<div class=\"vc_column-inner\" >\n\t\t\t<div class=\"wpb_wrapper\">\n\t\t\t\t<div id=\"fws_69e8bbdbc541c\" data-midnight=\"\" data-column-margin=\"default\" class=\"wpb_row vc_row-fluid vc_row inner_row\"  style=\"\"><div class=\"row-bg-wrap\"> <div class=\"row-bg\" ><\/div> <\/div><div class=\"row_col_wrap_12_inner col span_12  left\">\n\t<div  class=\"vc_col-sm-2 wpb_column column_container vc_column_container col child_column no-extra-padding inherit_tablet inherit_phone\"   data-padding-pos=\"all\" data-has-bg-color=\"false\" data-bg-color=\"\" data-bg-opacity=\"1\" data-animation=\"\" data-delay=\"0\" >\n\t\t<div class=\"vc_column-inner\" >\n\t\t<div class=\"wpb_wrapper\">\n\t\t\t\n\t\t<\/div> \n\t<\/div>\n\t<\/div> \n\n\t<div  class=\"vc_col-sm-8 wpb_column column_container vc_column_container col child_column has-animation no-extra-padding inherit_tablet inherit_phone\"   data-padding-pos=\"all\" data-has-bg-color=\"false\" data-bg-color=\"\" data-bg-opacity=\"1\" data-animation=\"grow-in\" data-delay=\"0\" >\n\t\t<div class=\"vc_column-inner\" >\n\t\t<div class=\"wpb_wrapper\">\n\t\t\t<div class=\"nectar-split-heading  font_size_tablet_18px font_size_phone_20px\" data-align=\"default\" data-m-align=\"inherit\" data-text-effect=\"none\" data-animation-type=\"line-reveal-by-space\" data-animation-delay=\"0\" data-animation-offset=\"\" data-m-rm-animation=\"\" data-stagger=\"\" data-custom-font-size=\"false\" ><p >Desarrollamos estrategias de comunicaci\u00f3n personalizadas que reflejan excelencia, coherencia y prop\u00f3sito. Nuestro trabajo combina creatividad, sensibilidad est\u00e9tica y precisi\u00f3n t\u00e9cnica para asegurar mensajes claros, aut\u00e9nticos y alineados con la identidad de cada organizaci\u00f3n. Cuidamos cada detalle, desde la narrativa hasta la ejecuci\u00f3n visual, para garantizar un impacto real en p\u00fablicos internos y externos. Nuestro enfoque riguroso y humano genera v\u00ednculos s\u00f3lidos, fortalece la cultura organizacional y posiciona marcas con significado.<\/p>\n<p>Nos convertimos en un aliado estrat\u00e9gico: acompa\u00f1amos, fortalecemos y damos sentido a cada acci\u00f3n comunicativa.<\/p><\/div>\n\t\t<\/div> \n\t<\/div>\n\t<\/div> \n\n\t<div  class=\"vc_col-sm-2 wpb_column column_container vc_column_container col child_column no-extra-padding inherit_tablet inherit_phone\"   data-padding-pos=\"all\" data-has-bg-color=\"false\" data-bg-color=\"\" data-bg-opacity=\"1\" data-animation=\"\" data-delay=\"0\" >\n\t\t<div class=\"vc_column-inner\" >\n\t\t<div class=\"wpb_wrapper\">\n\t\t\t\n\t\t<\/div> \n\t<\/div>\n\t<\/div> \n<\/div><\/div>\n\t\t\t<\/div> \n\t\t<\/div>\n\t<\/div> \n<\/div><\/div>\n\t\t<div id=\"services\"  data-column-margin=\"default\" data-midnight=\"dark\" data-bottom-percent=\"4%\"  class=\"wpb_row vc_row-fluid vc_row full-width-section vc_row-o-equal-height vc_row-flex  right_padding_2pct left_padding_2pct\"  style=\"padding-top: 0px; padding-bottom: calc(100vw * 0.04); \"><div class=\"row-bg-wrap\" data-bg-animation=\"none\" data-bg-animation-delay=\"\" data-bg-overlay=\"true\"><div class=\"inner-wrap row-bg-layer\" ><div class=\"row-bg viewport-desktop using-bg-color\"  style=\"background-color: #e0dfda; \"><\/div><\/div><div class=\"row-bg-overlay row-bg-layer\" style=\"background-color:transparent;  opacity: 1; \"><\/div><\/div><div class=\"row_col_wrap_12 col span_12 dark left\">\n\t<div  class=\"vc_col-sm-12 wpb_column column_container vc_column_container col has-animation no-extra-padding inherit_tablet inherit_phone\"  data-padding-pos=\"all\" data-has-bg-color=\"false\" data-bg-color=\"\" data-bg-opacity=\"1\" data-animation=\"reveal-from-bottom\" data-delay=\"0\" >\n\t\t<div class=\"vc_column-inner\" >\n\t\t\t<div class=\"wpb_wrapper\">\n\t\t\t\t\n<div class=\"wpb_text_column wpb_content_element\" >\n\t<div class=\"wpb_wrapper\">\n\t\t<h2 style=\"text-align: center;\">SERVICIOS<\/h2>\n\t<\/div>\n<\/div>\n\n\n\n<div id=\"fws_69e8bbdbc5fe4\" data-midnight=\"\" data-column-margin=\"default\" class=\"wpb_row vc_row-fluid vc_row inner_row vc_row-o-equal-height vc_row-flex vc_row-o-content-top\"  style=\"\"><div class=\"row-bg-wrap\"> <div class=\"row-bg\" ><\/div> <\/div><div class=\"row_col_wrap_12_inner col span_12  left\">\n\t<div  class=\"vc_col-sm-3 wpb_column column_container vc_column_container col child_column no-extra-padding inherit_tablet inherit_phone\"   data-border-radius=\"10px\" data-padding-pos=\"all\" data-has-bg-color=\"false\" data-bg-color=\"\" data-bg-opacity=\"1\" data-animation=\"\" data-delay=\"0\" >\n\t\t<div class=\"vc_column-inner\" >\n\t\t<div class=\"wpb_wrapper\">\n\t\t\t<div class=\"nectar-fancy-box style-5 using-img  overlay_08263d\" data-align=\"middle\" data-overlay-opacity=\"0.7\" data-overlay-opacity-hover=\"0.3\" data-style=\"parallax_hover\" data-border-radius=\"10px\" data-animation=\"\" data-delay=\"\" data-color=\"accent-color\"><a target=\"_blank\" href=\"https:\/\/spiralia.es\/en\/conecta-spiralia\/\" class=\"box-link\"><\/a><div class=\"parallaxImg\"><div class=\"parallaxImg-layer\" data-img=\"https:\/\/spiralia.es\/wp-content\/uploads\/2025\/09\/Spiralia-communications-01_Socialmedia.webp\"><\/div><div class=\"parallaxImg-layer\"> <div class=\"meta-wrap\" style=\"min-height: 475px\"><div class=\"inner\">\n<h3>Social Media<\/h3>\n<p>Creamos estrategias digitales elegantes y sensibles, alineadas con la identidad de marca de nuestros clientes. Cada contenido es cuidado al detalle, buscando impacto, armon\u00eda visual y conexi\u00f3n emocional. Inspiramos confianza a trav\u00e9s de una comunicaci\u00f3n coherente, cercana y profesional que construye comunidad.<\/div> <\/div><\/div><\/div><\/div>\n\t\t<\/div> \n\t<\/div>\n\t<\/div> \n\n\t<div  class=\"vc_col-sm-3 wpb_column column_container vc_column_container col child_column no-extra-padding inherit_tablet inherit_phone\"   data-padding-pos=\"all\" data-has-bg-color=\"false\" data-bg-color=\"\" data-bg-opacity=\"1\" data-animation=\"\" data-delay=\"0\" >\n\t\t<div class=\"vc_column-inner\" >\n\t\t<div class=\"wpb_wrapper\">\n\t\t\t<div class=\"nectar-fancy-box style-5 using-img  overlay_08263d\" data-align=\"middle\" data-overlay-opacity=\"0.7\" data-overlay-opacity-hover=\"0.3\" data-style=\"parallax_hover\" data-border-radius=\"10px\" data-animation=\"\" data-delay=\"\" data-color=\"accent-color\"><a target=\"_blank\" href=\"https:\/\/spiralia.es\/en\/conecta-spiralia\/\" class=\"box-link\"><\/a><div class=\"parallaxImg\"><div class=\"parallaxImg-layer\" data-img=\"https:\/\/spiralia.es\/wp-content\/uploads\/2025\/09\/Spiralia-communications-02_Imagencorporativa.webp\"><\/div><div class=\"parallaxImg-layer\"> <div class=\"meta-wrap\" style=\"min-height: 475px\"><div class=\"inner\">\n<h3>Imagen corporativa<\/h3>\n<p>Creamos identidades visuales \u00fanicas, con esencia y prop\u00f3sito, que comunican los valores y la personalidad de cada empresa. Cada trazo, color y tipograf\u00eda es el resultado de un proceso meticuloso, donde la belleza y la coherencia se fusionan con la excelencia y la elegancia para generar confianza y destacar frente a la competencia.<\/div> <\/div><\/div><\/div><\/div>\n\t\t<\/div> \n\t<\/div>\n\t<\/div> \n\n\t<div  class=\"vc_col-sm-3 wpb_column column_container vc_column_container col child_column no-extra-padding inherit_tablet inherit_phone\"   data-padding-pos=\"all\" data-has-bg-color=\"false\" data-bg-color=\"\" data-bg-opacity=\"1\" data-animation=\"\" data-delay=\"0\" >\n\t\t<div class=\"vc_column-inner\" >\n\t\t<div class=\"wpb_wrapper\">\n\t\t\t<div class=\"nectar-fancy-box style-5 using-img  overlay_08263d\" data-align=\"middle\" data-overlay-opacity=\"0.7\" data-overlay-opacity-hover=\"0.3\" data-style=\"parallax_hover\" data-border-radius=\"10px\" data-animation=\"\" data-delay=\"\" data-color=\"accent-color\"><a  href=\"https:\/\/spiralia.es\/en\/conecta-spiralia\/\" class=\"box-link\"><\/a><div class=\"parallaxImg\"><div class=\"parallaxImg-layer\" data-img=\"https:\/\/spiralia.es\/wp-content\/uploads\/2025\/09\/Spiralia-communications-03_webdesign.webp\"><\/div><div class=\"parallaxImg-layer\"> <div class=\"meta-wrap\" style=\"min-height: 475px\"><div class=\"inner\">\n<h3>Dise\u00f1o web<\/h3>\n<p>Desarrollamos p\u00e1ginas web intuitivas, funcionales y est\u00e9ticamente impecables. Creamos experiencias digitales elegantes y exclusivas, que reflejan la esencia de nuestros clientes, cuidando cada detalle desde la navegaci\u00f3n hasta el dise\u00f1o responsive.<\/div> <\/div><\/div><\/div><\/div>\n\t\t<\/div> \n\t<\/div>\n\t<\/div> \n\n\t<div  class=\"vc_col-sm-3 wpb_column column_container vc_column_container col child_column no-extra-padding inherit_tablet inherit_phone\"   data-padding-pos=\"all\" data-has-bg-color=\"false\" data-bg-color=\"\" data-bg-opacity=\"1\" data-animation=\"\" data-delay=\"0\" >\n\t\t<div class=\"vc_column-inner\" >\n\t\t<div class=\"wpb_wrapper\">\n\t\t\t<div class=\"nectar-fancy-box style-5 using-img  overlay_08263d\" data-align=\"middle\" data-overlay-opacity=\"0.7\" data-overlay-opacity-hover=\"0.3\" data-style=\"parallax_hover\" data-border-radius=\"10px\" data-animation=\"\" data-delay=\"\" data-color=\"accent-color\"><a  href=\"https:\/\/spiralia.es\/en\/conecta-spiralia\/\" class=\"box-link\"><\/a><div class=\"parallaxImg\"><div class=\"parallaxImg-layer\" data-img=\"https:\/\/spiralia.es\/wp-content\/uploads\/2025\/09\/Spiralia-communications-04_Publicidad.webp\"><\/div><div class=\"parallaxImg-layer\"> <div class=\"meta-wrap\" style=\"min-height: 475px\"><div class=\"inner\">\n<h3>Advertising<\/h3>\n<p>Creamos campa\u00f1as publicitarias \u00fanicas, capaces de inspirar y generar una conexi\u00f3n emocional genuina con el p\u00fablico. Desde la idea hasta la ejecuci\u00f3n, cuidamos cada elemento creativo para transmitir valor, diferenciaci\u00f3n y una est\u00e9tica cuidadosamente dise\u00f1ada en cada pieza.<\/div> <\/div><\/div><\/div><\/div>\n\t\t<\/div> \n\t<\/div>\n\t<\/div> \n<\/div><\/div><div id=\"fws_69e8bbdbc8bb5\" data-midnight=\"\" data-column-margin=\"default\" class=\"wpb_row vc_row-fluid vc_row inner_row vc_row-o-equal-height vc_row-flex vc_row-o-content-top right_padding_12pct left_padding_12pct\"  style=\"\"><div class=\"row-bg-wrap\"> <div class=\"row-bg\" ><\/div> <\/div><div class=\"row_col_wrap_12_inner col span_12  left\">\n\t<div  class=\"vc_col-sm-4 wpb_column column_container vc_column_container col child_column no-extra-padding inherit_tablet inherit_phone\"   data-border-radius=\"10px\" data-padding-pos=\"all\" data-has-bg-color=\"false\" data-bg-color=\"\" data-bg-opacity=\"1\" data-animation=\"\" data-delay=\"0\" >\n\t\t<div class=\"vc_column-inner\" >\n\t\t<div class=\"wpb_wrapper\">\n\t\t\t<div class=\"nectar-fancy-box style-5 using-img  overlay_08263d\" data-align=\"middle\" data-overlay-opacity=\"0.7\" data-overlay-opacity-hover=\"0.3\" data-style=\"parallax_hover\" data-border-radius=\"10px\" data-animation=\"\" data-delay=\"\" data-color=\"accent-color\"><a target=\"_blank\" href=\"https:\/\/spiralia.es\/en\/conecta-spiralia\/\" class=\"box-link\"><\/a><div class=\"parallaxImg\"><div class=\"parallaxImg-layer\" data-img=\"https:\/\/spiralia.es\/wp-content\/uploads\/2025\/09\/Spiralia-communications-05_Street-marketing.webp\"><\/div><div class=\"parallaxImg-layer\"> <div class=\"meta-wrap\" style=\"min-height: 475px\"><div class=\"inner\">\n<h3>Street Marketing<\/h3>\n<p>Llevamos la creatividad a la calle con propuestas disruptivas y memorables que sorprenden, emocionan y conectan. Cada acci\u00f3n es pensada a medida, cuidando la est\u00e9tica y el mensaje para amplificar el impacto de marca con autenticidad y estilo.<\/div> <\/div><\/div><\/div><\/div>\n\t\t<\/div> \n\t<\/div>\n\t<\/div> \n\n\t<div  class=\"vc_col-sm-4 wpb_column column_container vc_column_container col child_column no-extra-padding inherit_tablet inherit_phone\"   data-padding-pos=\"all\" data-has-bg-color=\"false\" data-bg-color=\"\" data-bg-opacity=\"1\" data-animation=\"\" data-delay=\"0\" >\n\t\t<div class=\"vc_column-inner\" >\n\t\t<div class=\"wpb_wrapper\">\n\t\t\t<div class=\"nectar-fancy-box style-5 using-img  overlay_08263d\" data-align=\"middle\" data-overlay-opacity=\"0.7\" data-overlay-opacity-hover=\"0.3\" data-style=\"parallax_hover\" data-border-radius=\"10px\" data-animation=\"\" data-delay=\"\" data-color=\"accent-color\"><a  href=\"https:\/\/spiralia.es\/en\/conecta-spiralia\/\" class=\"box-link\"><\/a><div class=\"parallaxImg\"><div class=\"parallaxImg-layer\" data-img=\"https:\/\/spiralia.es\/wp-content\/uploads\/2025\/09\/spiralia-communications-06-rueda-prensa.jpg\"><\/div><div class=\"parallaxImg-layer\"> <div class=\"meta-wrap\" style=\"min-height: 475px\"><div class=\"inner\">\n<h3>Ruedas de prensa<\/h3>\n<p>Organizamos presentaciones a medios con rigor, elegancia y una impecable puesta en escena. Coordinamos cada intervenci\u00f3n, mensaje y entorno con profesionalidad, garantizando que la esencia del mensaje se transmita con claridad, belleza y credibilidad.<\/div> <\/div><\/div><\/div><\/div>\n\t\t<\/div> \n\t<\/div>\n\t<\/div> \n\n\t<div  class=\"vc_col-sm-4 wpb_column column_container vc_column_container col child_column no-extra-padding inherit_tablet inherit_phone\"   data-padding-pos=\"all\" data-has-bg-color=\"false\" data-bg-color=\"\" data-bg-opacity=\"1\" data-animation=\"\" data-delay=\"0\" >\n\t\t<div class=\"vc_column-inner\" >\n\t\t<div class=\"wpb_wrapper\">\n\t\t\t<div class=\"nectar-fancy-box style-5 using-img  overlay_08263d\" data-align=\"middle\" data-overlay-opacity=\"0.7\" data-overlay-opacity-hover=\"0.3\" data-style=\"parallax_hover\" data-border-radius=\"10px\" data-animation=\"\" data-delay=\"\" data-color=\"accent-color\"><a  href=\"https:\/\/spiralia.es\/en\/conecta-spiralia\/\" class=\"box-link\"><\/a><div class=\"parallaxImg\"><div class=\"parallaxImg-layer\" data-img=\"https:\/\/spiralia.es\/wp-content\/uploads\/2025\/09\/Spiralia-communications-07_Counseling-ejecutivo.webp\"><\/div><div class=\"parallaxImg-layer\"> <div class=\"meta-wrap\" style=\"min-height: 475px\"><div class=\"inner\">\n<h3>Counseling Ejecutivo<\/h3>\n<p>Acompa\u00f1amos a l\u00edderes y equipos con una mirada estrat\u00e9gica, emp\u00e1tica y transformadora. Creamos espacios de reflexi\u00f3n donde la confianza, la escucha y el cuidado permiten desarrollar un liderazgo m\u00e1s consciente, humano y orientado a la excelencia.<\/div> <\/div><\/div><\/div><\/div>\n\t\t<\/div> \n\t<\/div>\n\t<\/div> \n<\/div><\/div>\n\t\t\t<\/div> \n\t\t<\/div>\n\t<\/div> \n<\/div><\/div>","protected":false},"excerpt":{"rendered":"Desarrollamos estrategias de comunicaci\u00f3n personalizadas que reflejan excelencia, coherencia y prop\u00f3sito. Nuestro trabajo combina creatividad, sensibilidad est\u00e9tica y precisi\u00f3n t\u00e9cnica para asegurar mensajes claros, aut\u00e9nticos y alineados con la identidad...","protected":false},"author":5,"featured_media":0,"parent":0,"menu_order":0,"comment_status":"closed","ping_status":"closed","template":"","meta":{"_monsterinsights_skip_tracking":false,"_monsterinsights_sitenote_active":false,"_monsterinsights_sitenote_note":"","_monsterinsights_sitenote_category":0,"footnotes":""},"class_list":["post-2195","page","type-page","status-publish"],"yoast_head":"<!-- This site is optimized with the Yoast SEO plugin v27.2 - https:\/\/yoast.com\/product\/yoast-seo-wordpress\/ -->\n<title>Communication - Spiralia<\/title>\n<meta name=\"description\" content=\"Comunicaci\u00f3n creativa para marcas. En Spiralia desarrollamos ideas, contenidos y campa\u00f1as que conectan y generan impacto.\" \/>\n<meta name=\"robots\" content=\"index, follow, max-snippet:-1, max-image-preview:large, max-video-preview:-1\" \/>\n<link rel=\"canonical\" href=\"https:\/\/spiralia.es\/en\/comunicacion-creativa\/\" \/>\n<meta property=\"og:locale\" content=\"en_US\" \/>\n<meta property=\"og:type\" content=\"article\" \/>\n<meta property=\"og:title\" content=\"Communication - Spiralia\" \/>\n<meta property=\"og:description\" content=\"Comunicaci\u00f3n creativa para marcas. En Spiralia desarrollamos ideas, contenidos y campa\u00f1as que conectan y generan impacto.\" \/>\n<meta property=\"og:url\" content=\"https:\/\/spiralia.es\/en\/comunicacion-creativa\/\" \/>\n<meta property=\"og:site_name\" content=\"Spiralia\" \/>\n<meta property=\"article:publisher\" content=\"https:\/\/www.instagram.com\/spiraliaevents\/\" \/>\n<meta property=\"article:modified_time\" content=\"2026-03-05T11:30:08+00:00\" \/>\n<meta name=\"twitter:card\" content=\"summary_large_image\" \/>\n<meta name=\"twitter:label1\" content=\"Est. reading time\" \/>\n\t<meta name=\"twitter:data1\" content=\"2 minutes\" \/>\n<script type=\"application\/ld+json\" class=\"yoast-schema-graph\">{\"@context\":\"https:\/\/schema.org\",\"@graph\":[{\"@type\":\"WebPage\",\"@id\":\"https:\/\/spiralia.es\/comunicacion-creativa\/\",\"url\":\"https:\/\/spiralia.es\/comunicacion-creativa\/\",\"name\":\"Communication - Spiralia\",\"isPartOf\":{\"@id\":\"https:\/\/spiralia.es\/#website\"},\"datePublished\":\"2025-05-22T13:24:09+00:00\",\"dateModified\":\"2026-03-05T11:30:08+00:00\",\"description\":\"Comunicaci\u00f3n creativa para marcas. En Spiralia desarrollamos ideas, contenidos y campa\u00f1as que conectan y generan impacto.\",\"breadcrumb\":{\"@id\":\"https:\/\/spiralia.es\/comunicacion-creativa\/#breadcrumb\"},\"inLanguage\":\"en-US\",\"potentialAction\":[{\"@type\":\"ReadAction\",\"target\":[\"https:\/\/spiralia.es\/comunicacion-creativa\/\"]}]},{\"@type\":\"BreadcrumbList\",\"@id\":\"https:\/\/spiralia.es\/comunicacion-creativa\/#breadcrumb\",\"itemListElement\":[{\"@type\":\"ListItem\",\"position\":1,\"name\":\"Portada\",\"item\":\"https:\/\/spiralia.es\/\"},{\"@type\":\"ListItem\",\"position\":2,\"name\":\"Communication\"}]},{\"@type\":\"WebSite\",\"@id\":\"https:\/\/spiralia.es\/#website\",\"url\":\"https:\/\/spiralia.es\/\",\"name\":\"Spiralia\",\"description\":\"Organizaci\u00f3n de Eventos - Madrid\",\"publisher\":{\"@id\":\"https:\/\/spiralia.es\/#organization\"},\"potentialAction\":[{\"@type\":\"SearchAction\",\"target\":{\"@type\":\"EntryPoint\",\"urlTemplate\":\"https:\/\/spiralia.es\/?s={search_term_string}\"},\"query-input\":{\"@type\":\"PropertyValueSpecification\",\"valueRequired\":true,\"valueName\":\"search_term_string\"}}],\"inLanguage\":\"en-US\"},{\"@type\":\"Organization\",\"@id\":\"https:\/\/spiralia.es\/#organization\",\"name\":\"Spiralia\",\"url\":\"https:\/\/spiralia.es\/\",\"logo\":{\"@type\":\"ImageObject\",\"inLanguage\":\"en-US\",\"@id\":\"https:\/\/spiralia.es\/#\/schema\/logo\/image\/\",\"url\":\"https:\/\/spiralia.es\/wp-content\/uploads\/2025\/04\/spiralia-logo-reg.svg\",\"contentUrl\":\"https:\/\/spiralia.es\/wp-content\/uploads\/2025\/04\/spiralia-logo-reg.svg\",\"width\":1,\"height\":1,\"caption\":\"Spiralia\"},\"image\":{\"@id\":\"https:\/\/spiralia.es\/#\/schema\/logo\/image\/\"},\"sameAs\":[\"https:\/\/www.instagram.com\/spiraliaevents\/\"]}]}<\/script>\n<!-- \/ Yoast SEO plugin. -->","yoast_head_json":{"title":"Communication - Spiralia","description":"Comunicaci\u00f3n creativa para marcas. En Spiralia desarrollamos ideas, contenidos y campa\u00f1as que conectan y generan impacto.","robots":{"index":"index","follow":"follow","max-snippet":"max-snippet:-1","max-image-preview":"max-image-preview:large","max-video-preview":"max-video-preview:-1"},"canonical":"https:\/\/spiralia.es\/en\/comunicacion-creativa\/","og_locale":"en_US","og_type":"article","og_title":"Communication - Spiralia","og_description":"Comunicaci\u00f3n creativa para marcas. En Spiralia desarrollamos ideas, contenidos y campa\u00f1as que conectan y generan impacto.","og_url":"https:\/\/spiralia.es\/en\/comunicacion-creativa\/","og_site_name":"Spiralia","article_publisher":"https:\/\/www.instagram.com\/spiraliaevents\/","article_modified_time":"2026-03-05T11:30:08+00:00","twitter_card":"summary_large_image","twitter_misc":{"Est. reading time":"2 minutes"},"schema":{"@context":"https:\/\/schema.org","@graph":[{"@type":"WebPage","@id":"https:\/\/spiralia.es\/comunicacion-creativa\/","url":"https:\/\/spiralia.es\/comunicacion-creativa\/","name":"Communication - Spiralia","isPartOf":{"@id":"https:\/\/spiralia.es\/#website"},"datePublished":"2025-05-22T13:24:09+00:00","dateModified":"2026-03-05T11:30:08+00:00","description":"Comunicaci\u00f3n creativa para marcas. En Spiralia desarrollamos ideas, contenidos y campa\u00f1as que conectan y generan impacto.","breadcrumb":{"@id":"https:\/\/spiralia.es\/comunicacion-creativa\/#breadcrumb"},"inLanguage":"en-US","potentialAction":[{"@type":"ReadAction","target":["https:\/\/spiralia.es\/comunicacion-creativa\/"]}]},{"@type":"BreadcrumbList","@id":"https:\/\/spiralia.es\/comunicacion-creativa\/#breadcrumb","itemListElement":[{"@type":"ListItem","position":1,"name":"Portada","item":"https:\/\/spiralia.es\/"},{"@type":"ListItem","position":2,"name":"Communication"}]},{"@type":"WebSite","@id":"https:\/\/spiralia.es\/#website","url":"https:\/\/spiralia.es\/","name":"Spiralia","description":"Organizaci\u00f3n de Eventos - Madrid","publisher":{"@id":"https:\/\/spiralia.es\/#organization"},"potentialAction":[{"@type":"SearchAction","target":{"@type":"EntryPoint","urlTemplate":"https:\/\/spiralia.es\/?s={search_term_string}"},"query-input":{"@type":"PropertyValueSpecification","valueRequired":true,"valueName":"search_term_string"}}],"inLanguage":"en-US"},{"@type":"Organization","@id":"https:\/\/spiralia.es\/#organization","name":"Spiralia","url":"https:\/\/spiralia.es\/","logo":{"@type":"ImageObject","inLanguage":"en-US","@id":"https:\/\/spiralia.es\/#\/schema\/logo\/image\/","url":"https:\/\/spiralia.es\/wp-content\/uploads\/2025\/04\/spiralia-logo-reg.svg","contentUrl":"https:\/\/spiralia.es\/wp-content\/uploads\/2025\/04\/spiralia-logo-reg.svg","width":1,"height":1,"caption":"Spiralia"},"image":{"@id":"https:\/\/spiralia.es\/#\/schema\/logo\/image\/"},"sameAs":["https:\/\/www.instagram.com\/spiraliaevents\/"]}]}},"_links":{"self":[{"href":"https:\/\/spiralia.es\/en\/wp-json\/wp\/v2\/pages\/2195","targetHints":{"allow":["GET"]}}],"collection":[{"href":"https:\/\/spiralia.es\/en\/wp-json\/wp\/v2\/pages"}],"about":[{"href":"https:\/\/spiralia.es\/en\/wp-json\/wp\/v2\/types\/page"}],"author":[{"embeddable":true,"href":"https:\/\/spiralia.es\/en\/wp-json\/wp\/v2\/users\/5"}],"replies":[{"embeddable":true,"href":"https:\/\/spiralia.es\/en\/wp-json\/wp\/v2\/comments?post=2195"}],"version-history":[{"count":13,"href":"https:\/\/spiralia.es\/en\/wp-json\/wp\/v2\/pages\/2195\/revisions"}],"predecessor-version":[{"id":3086,"href":"https:\/\/spiralia.es\/en\/wp-json\/wp\/v2\/pages\/2195\/revisions\/3086"}],"wp:attachment":[{"href":"https:\/\/spiralia.es\/en\/wp-json\/wp\/v2\/media?parent=2195"}],"curies":[{"name":"wp","href":"https:\/\/api.w.org\/{rel}","templated":true}]}}