{"id":2218,"date":"2025-05-22T15:15:22","date_gmt":"2025-05-22T15:15:22","guid":{"rendered":"https:\/\/spiralia.es\/?page_id=2218"},"modified":"2025-12-11T16:11:35","modified_gmt":"2025-12-11T16:11:35","slug":"conecta-spiralia","status":"publish","type":"page","link":"https:\/\/spiralia.es\/en\/conecta-spiralia\/","title":{"rendered":"Contacto"},"content":{"rendered":"<div id=\"fws_69e8bbcc9580b\"  data-column-margin=\"default\" data-midnight=\"dark\" data-top-percent=\"6%\"  class=\"wpb_row vc_row-fluid vc_row full-width-section  zindex-set\"  style=\"padding-top: calc(100vw * 0.06); padding-bottom: 0px;  z-index: 100;\"><div class=\"row-bg-wrap\" data-bg-animation=\"none\" data-bg-animation-delay=\"\" data-bg-overlay=\"false\"><div class=\"inner-wrap row-bg-layer\" ><div class=\"row-bg viewport-desktop using-bg-color\"  style=\"background-color: #e0dfda; \"><\/div><\/div><\/div><div class=\"row_col_wrap_12 col span_12 dark left\">\n\t<div  class=\"vc_col-sm-12 wpb_column column_container vc_column_container col no-extra-padding inherit_tablet inherit_phone\"  data-padding-pos=\"all\" data-has-bg-color=\"false\" data-bg-color=\"\" data-bg-opacity=\"1\" data-animation=\"\" data-delay=\"0\" >\n\t\t<div class=\"vc_column-inner\" >\n\t\t\t<div class=\"wpb_wrapper\">\n\t\t\t\t<div class=\"divider-wrap height_phone_25px\" data-alignment=\"default\"><div  class=\"divider\"><\/div><\/div><div id=\"fws_69e8bbcc95eee\" data-midnight=\"\" data-column-margin=\"default\" class=\"wpb_row vc_row-fluid vc_row inner_row\"  style=\"padding-bottom: 4%; \"><div class=\"row-bg-wrap\"> <div class=\"row-bg\" ><\/div> <\/div><div class=\"row_col_wrap_12_inner col span_12  left\">\n\t<div style=\" color: #ffffff;\" class=\"vc_col-sm-12 wpb_column column_container vc_column_container col child_column centered-text no-extra-padding inherit_tablet inherit_phone\" data-cfc=\"true\"  data-padding-pos=\"all\" data-has-bg-color=\"false\" data-bg-color=\"\" data-bg-opacity=\"1\" data-animation=\"\" data-delay=\"0\" >\n\t\t<div class=\"vc_column-inner\" >\n\t\t<div class=\"wpb_wrapper\">\n\t\t\t<div class=\"nectar-split-heading  font_size_2vw\" data-align=\"center\" data-m-align=\"center\" data-text-effect=\"default\" data-animation-type=\"twist-in\" data-animation-delay=\"0\" data-animation-offset=\"\" data-m-rm-animation=\"\" data-stagger=\"\" data-custom-font-size=\"true\" style=\"font-size: 2vw; line-height: 2.2vw;\"><h1 style=\" color: #08263d;\">Cu\u00e9ntanos tu idea<\/h1><\/div>\n\t\t<\/div> \n\t<\/div>\n\t<\/div> \n<\/div><\/div><div id=\"fws_69e8bbcc96357\" data-midnight=\"\" data-column-margin=\"default\" class=\"wpb_row vc_row-fluid vc_row inner_row\"  style=\"\"><div class=\"row-bg-wrap\"> <div class=\"row-bg\" ><\/div> <\/div><div class=\"row_col_wrap_12_inner col span_12  left\">\n\t<div style=\"margin-bottom: -10%; \" class=\"vc_col-sm-2 wpb_column column_container vc_column_container col child_column has-animation no-extra-padding inherit_tablet inherit_phone\"   data-border-radius=\"15px\" data-padding-pos=\"all\" data-has-bg-color=\"false\" data-bg-color=\"\" data-bg-opacity=\"1\" data-animation=\"fade-in-from-bottom\" data-delay=\"0\" >\n\t\t<div class=\"vc_column-inner\" >\n\t\t<div class=\"wpb_wrapper\">\n\t\t\t\n\t\t<\/div> \n\t<\/div>\n\t<\/div> \n\n\t<div style=\" color: #08263d;\" class=\"vc_col-sm-8 wpb_column column_container vc_column_container col child_column padding-4-percent inherit_tablet inherit_phone\" data-cfc=\"true\" data-using-bg=\"true\" data-border-radius=\"10px\" data-padding-pos=\"all\" data-has-bg-color=\"true\" data-bg-color=\"#ffffff\" data-bg-opacity=\"1\" data-animation=\"\" data-delay=\"0\" >\n\t\t<div class=\"vc_column-inner\" ><div class=\"column-bg-overlay-wrap column-bg-layer\" data-bg-animation=\"none\"><div class=\"column-bg-overlay\" style=\"opacity: 1; background-color: #ffffff;\"><\/div><\/div>\n\t\t<div class=\"wpb_wrapper\">\n\t\t\t\n<div class=\"wpb_text_column wpb_content_element\" >\n\t<div class=\"wpb_wrapper\">\n\t\t<h3 style=\"text-align: left;\">Dise\u00f1aremos contigo una experiencia que dejar\u00e1 huella.<\/h3>\n<p style=\"text-align: left;\">\n<div class=\"wpcf7 no-js\" id=\"wpcf7-f172-o1\" lang=\"es-ES\" dir=\"ltr\" data-wpcf7-id=\"172\">\n<div class=\"screen-reader-response\"><p role=\"status\" aria-live=\"polite\" aria-atomic=\"true\"><\/p> <ul><\/ul><\/div>\n<form action=\"\/en\/wp-json\/wp\/v2\/pages\/2218#wpcf7-f172-o1\" method=\"post\" class=\"wpcf7-form init\" aria-label=\"CONTACT FORM\" enctype=\"multipart\/form-data\" novalidate=\"novalidate\" data-status=\"init\" data-trp-original-action=\"\/en\/wp-json\/wp\/v2\/pages\/2218#wpcf7-f172-o1\">\n<fieldset class=\"hidden-fields-container\"><input type=\"hidden\" name=\"_wpcf7\" value=\"172\" \/><input type=\"hidden\" name=\"_wpcf7_version\" value=\"6.1.5\" \/><input type=\"hidden\" name=\"_wpcf7_locale\" value=\"es_ES\" \/><input type=\"hidden\" name=\"_wpcf7_unit_tag\" value=\"wpcf7-f172-o1\" \/><input type=\"hidden\" name=\"_wpcf7_container_post\" value=\"0\" \/><input type=\"hidden\" name=\"_wpcf7_posted_data_hash\" value=\"\" \/>\n<\/fieldset>\n<p><span class=\"wpcf7-form-control-wrap\" data-name=\"your-name\"><input size=\"40\" maxlength=\"400\" class=\"wpcf7-form-control wpcf7-text wpcf7-validates-as-required\" aria-required=\"true\" aria-invalid=\"false\" placeholder=\"NAME\" value=\"\" type=\"text\" name=\"your-name\" \/><\/span><br \/>\n<span class=\"wpcf7-form-control-wrap\" data-name=\"your-lastname\"><input size=\"40\" maxlength=\"400\" class=\"wpcf7-form-control wpcf7-text wpcf7-validates-as-required\" aria-required=\"true\" aria-invalid=\"false\" placeholder=\"SURNAME\" value=\"\" type=\"text\" name=\"your-lastname\" \/><\/span><br \/>\n<span class=\"wpcf7-form-control-wrap\" data-name=\"your-email\"><input size=\"40\" maxlength=\"400\" class=\"wpcf7-form-control wpcf7-email wpcf7-validates-as-required wpcf7-text wpcf7-validates-as-email\" aria-required=\"true\" aria-invalid=\"false\" placeholder=\"EMAIL\" value=\"\" type=\"email\" name=\"your-email\" \/><\/span><br \/>\n<span class=\"wpcf7-form-control-wrap\" data-name=\"tel-944\"><input size=\"40\" maxlength=\"400\" class=\"wpcf7-form-control wpcf7-tel wpcf7-text wpcf7-validates-as-tel\" autocomplete=\"tel\" aria-invalid=\"false\" placeholder=\"TEL\u00c9FONO\" value=\"\" type=\"tel\" name=\"tel-944\" \/><\/span>\n<\/p>\n<div id=\"trabaja_con_nosotros\">\n\t<p><span class=\"wpcf7-form-control-wrap\" data-name=\"menu-871\"><select class=\"wpcf7-form-control wpcf7-select wpcf7-validates-as-required\" aria-required=\"true\" aria-invalid=\"false\" name=\"menu-871\"><option value=\"\">&#8212;Por favor, elige una opci\u00f3n&#8212;<\/option><option value=\"INFORMACI\u00d3N \/ PRESUPUESTO\">INFORMACI\u00d3N \/ PRESUPUESTO<\/option><option value=\"TRABAJA CON NOSOTROS\">TRABAJA CON NOSOTROS<\/option><\/select><\/span><br \/>\n<span class=\"wpcf7-form-control-wrap\" data-name=\"file-616\"><input size=\"40\" class=\"wpcf7-form-control wpcf7-file d-none\" id=\"curriculo\" accept=\".pdf\" aria-invalid=\"false\" type=\"file\" name=\"file-616\" \/><\/span>\n\t<\/p>\n<\/div>\n<p><span class=\"wpcf7-form-control-wrap\" data-name=\"your-message\"><textarea cols=\"40\" rows=\"10\" maxlength=\"2000\" class=\"wpcf7-form-control wpcf7-textarea wpcf7-validates-as-required\" aria-required=\"true\" aria-invalid=\"false\" placeholder=\"TELL US WHAT YOU NEED!\" name=\"your-message\"><\/textarea><\/span><br \/>\n<span class=\"wpcf7-form-control-wrap\" data-name=\"acceptance-471\"><span class=\"wpcf7-form-control wpcf7-acceptance\"><span class=\"wpcf7-list-item\"><label><input type=\"checkbox\" name=\"acceptance-471\" value=\"1\" aria-invalid=\"false\" \/><span class=\"wpcf7-list-item-label\">He le\u00eddo y acepto los t\u00e9rminos de la <span style=\"color: #08263d;\u201d><a href=\"https:>PRIVATE POLICY<\/a><\/span><\/span><\/label><\/span><\/span><\/span><br \/>\n<input class=\"wpcf7-form-control wpcf7-submit has-spinner\" type=\"submit\" value=\"SEND\" \/><br \/>\n<script>\ndocument.addEventListener('DOMContentLoaded', function() {\n const selector = document.querySelector('#trabaja_con_nosotros select');\n const curriculo = document.querySelector('#curriculo');\n\n selector.addEventListener('change', function() {\n if (selector.value === 'TRABAJA CON NOSOTROS') {\n curriculo.classList.remove('d-none');\n } else {\n curriculo.classList.add('d-none');\n }\n });\n});\n<\/script>\n<\/p><div class=\"wpcf7-response-output\" aria-hidden=\"true\"><\/div>\n<input type=\"hidden\" name=\"trp-form-language\" value=\"en\"\/><\/form>\n<\/div>\n\t<\/div>\n<\/div>\n\n\n\n<div class=\"divider-wrap\" data-alignment=\"default\"><div style=\"height: 35px;\" class=\"divider\"><\/div><\/div>\n\t\t<\/div> \n\t<\/div>\n\t<\/div> \n\n\t<div  class=\"vc_col-sm-2 wpb_column column_container vc_column_container col child_column no-extra-padding inherit_tablet inherit_phone\"   data-padding-pos=\"all\" data-has-bg-color=\"false\" data-bg-color=\"\" data-bg-opacity=\"1\" data-animation=\"\" data-delay=\"0\" >\n\t\t<div class=\"vc_column-inner\" >\n\t\t<div class=\"wpb_wrapper\">\n\t\t\t\n\t\t<\/div> \n\t<\/div>\n\t<\/div> \n<\/div><\/div>\n\t\t\t<\/div> \n\t\t<\/div>\n\t<\/div> \n<\/div><\/div>","protected":false},"excerpt":{"rendered":"Cu\u00e9ntanos tu idea Dise\u00f1aremos contigo una experiencia que dejar\u00e1 huella. &#8212;Por favor, elige una opci\u00f3n&#8212;INFORMACI\u00d3N \/ PRESUPUESTOTRABAJA CON NOSOTROS He le\u00eddo y acepto los t\u00e9rminos de la","protected":false},"author":5,"featured_media":0,"parent":0,"menu_order":0,"comment_status":"closed","ping_status":"closed","template":"","meta":{"_monsterinsights_skip_tracking":false,"_monsterinsights_sitenote_active":false,"_monsterinsights_sitenote_note":"","_monsterinsights_sitenote_category":0,"footnotes":""},"class_list":["post-2218","page","type-page","status-publish"],"yoast_head":"<!-- This site is optimized with the Yoast SEO plugin v27.2 - https:\/\/yoast.com\/product\/yoast-seo-wordpress\/ -->\n<title>Contacto - Spiralia<\/title>\n<meta name=\"description\" content=\"Hablemos de tu proyecto. En Spiralia convertimos ideas en experiencias memorables. Cu\u00e9ntanos que necesitas y te ayudamos\" \/>\n<meta name=\"robots\" content=\"index, follow, max-snippet:-1, max-image-preview:large, max-video-preview:-1\" \/>\n<link rel=\"canonical\" href=\"https:\/\/spiralia.es\/en\/conecta-spiralia\/\" \/>\n<meta property=\"og:locale\" content=\"en_US\" \/>\n<meta property=\"og:type\" content=\"article\" \/>\n<meta property=\"og:title\" content=\"Contacto - Spiralia\" \/>\n<meta property=\"og:description\" content=\"Hablemos de tu proyecto. En Spiralia convertimos ideas en experiencias memorables. Cu\u00e9ntanos que necesitas y te ayudamos\" \/>\n<meta property=\"og:url\" content=\"https:\/\/spiralia.es\/en\/conecta-spiralia\/\" \/>\n<meta property=\"og:site_name\" content=\"Spiralia\" \/>\n<meta property=\"article:publisher\" content=\"https:\/\/www.instagram.com\/spiraliaevents\/\" \/>\n<meta property=\"article:modified_time\" content=\"2025-12-11T16:11:35+00:00\" \/>\n<meta name=\"twitter:card\" content=\"summary_large_image\" \/>\n<meta name=\"twitter:label1\" content=\"Est. reading time\" \/>\n\t<meta name=\"twitter:data1\" content=\"1 minute\" \/>\n<script type=\"application\/ld+json\" class=\"yoast-schema-graph\">{\"@context\":\"https:\/\/schema.org\",\"@graph\":[{\"@type\":\"WebPage\",\"@id\":\"https:\/\/spiralia.es\/conecta-spiralia\/\",\"url\":\"https:\/\/spiralia.es\/conecta-spiralia\/\",\"name\":\"Contacto - Spiralia\",\"isPartOf\":{\"@id\":\"https:\/\/spiralia.es\/#website\"},\"datePublished\":\"2025-05-22T15:15:22+00:00\",\"dateModified\":\"2025-12-11T16:11:35+00:00\",\"description\":\"Hablemos de tu proyecto. En Spiralia convertimos ideas en experiencias memorables. Cu\u00e9ntanos que necesitas y te ayudamos\",\"breadcrumb\":{\"@id\":\"https:\/\/spiralia.es\/conecta-spiralia\/#breadcrumb\"},\"inLanguage\":\"en-US\",\"potentialAction\":[{\"@type\":\"ReadAction\",\"target\":[\"https:\/\/spiralia.es\/conecta-spiralia\/\"]}]},{\"@type\":\"BreadcrumbList\",\"@id\":\"https:\/\/spiralia.es\/conecta-spiralia\/#breadcrumb\",\"itemListElement\":[{\"@type\":\"ListItem\",\"position\":1,\"name\":\"Portada\",\"item\":\"https:\/\/spiralia.es\/\"},{\"@type\":\"ListItem\",\"position\":2,\"name\":\"Contacto\"}]},{\"@type\":\"WebSite\",\"@id\":\"https:\/\/spiralia.es\/#website\",\"url\":\"https:\/\/spiralia.es\/\",\"name\":\"Spiralia\",\"description\":\"Organizaci\u00f3n de Eventos - Madrid\",\"publisher\":{\"@id\":\"https:\/\/spiralia.es\/#organization\"},\"potentialAction\":[{\"@type\":\"SearchAction\",\"target\":{\"@type\":\"EntryPoint\",\"urlTemplate\":\"https:\/\/spiralia.es\/?s={search_term_string}\"},\"query-input\":{\"@type\":\"PropertyValueSpecification\",\"valueRequired\":true,\"valueName\":\"search_term_string\"}}],\"inLanguage\":\"en-US\"},{\"@type\":\"Organization\",\"@id\":\"https:\/\/spiralia.es\/#organization\",\"name\":\"Spiralia\",\"url\":\"https:\/\/spiralia.es\/\",\"logo\":{\"@type\":\"ImageObject\",\"inLanguage\":\"en-US\",\"@id\":\"https:\/\/spiralia.es\/#\/schema\/logo\/image\/\",\"url\":\"https:\/\/spiralia.es\/wp-content\/uploads\/2025\/04\/spiralia-logo-reg.svg\",\"contentUrl\":\"https:\/\/spiralia.es\/wp-content\/uploads\/2025\/04\/spiralia-logo-reg.svg\",\"width\":1,\"height\":1,\"caption\":\"Spiralia\"},\"image\":{\"@id\":\"https:\/\/spiralia.es\/#\/schema\/logo\/image\/\"},\"sameAs\":[\"https:\/\/www.instagram.com\/spiraliaevents\/\"]}]}<\/script>\n<!-- \/ Yoast SEO plugin. -->","yoast_head_json":{"title":"Contacto - Spiralia","description":"Hablemos de tu proyecto. En Spiralia convertimos ideas en experiencias memorables. Cu\u00e9ntanos que necesitas y te ayudamos","robots":{"index":"index","follow":"follow","max-snippet":"max-snippet:-1","max-image-preview":"max-image-preview:large","max-video-preview":"max-video-preview:-1"},"canonical":"https:\/\/spiralia.es\/en\/conecta-spiralia\/","og_locale":"en_US","og_type":"article","og_title":"Contacto - Spiralia","og_description":"Hablemos de tu proyecto. En Spiralia convertimos ideas en experiencias memorables. Cu\u00e9ntanos que necesitas y te ayudamos","og_url":"https:\/\/spiralia.es\/en\/conecta-spiralia\/","og_site_name":"Spiralia","article_publisher":"https:\/\/www.instagram.com\/spiraliaevents\/","article_modified_time":"2025-12-11T16:11:35+00:00","twitter_card":"summary_large_image","twitter_misc":{"Est. reading time":"1 minute"},"schema":{"@context":"https:\/\/schema.org","@graph":[{"@type":"WebPage","@id":"https:\/\/spiralia.es\/conecta-spiralia\/","url":"https:\/\/spiralia.es\/conecta-spiralia\/","name":"Contacto - Spiralia","isPartOf":{"@id":"https:\/\/spiralia.es\/#website"},"datePublished":"2025-05-22T15:15:22+00:00","dateModified":"2025-12-11T16:11:35+00:00","description":"Hablemos de tu proyecto. En Spiralia convertimos ideas en experiencias memorables. Cu\u00e9ntanos que necesitas y te ayudamos","breadcrumb":{"@id":"https:\/\/spiralia.es\/conecta-spiralia\/#breadcrumb"},"inLanguage":"en-US","potentialAction":[{"@type":"ReadAction","target":["https:\/\/spiralia.es\/conecta-spiralia\/"]}]},{"@type":"BreadcrumbList","@id":"https:\/\/spiralia.es\/conecta-spiralia\/#breadcrumb","itemListElement":[{"@type":"ListItem","position":1,"name":"Portada","item":"https:\/\/spiralia.es\/"},{"@type":"ListItem","position":2,"name":"Contacto"}]},{"@type":"WebSite","@id":"https:\/\/spiralia.es\/#website","url":"https:\/\/spiralia.es\/","name":"Spiralia","description":"Organizaci\u00f3n de Eventos - Madrid","publisher":{"@id":"https:\/\/spiralia.es\/#organization"},"potentialAction":[{"@type":"SearchAction","target":{"@type":"EntryPoint","urlTemplate":"https:\/\/spiralia.es\/?s={search_term_string}"},"query-input":{"@type":"PropertyValueSpecification","valueRequired":true,"valueName":"search_term_string"}}],"inLanguage":"en-US"},{"@type":"Organization","@id":"https:\/\/spiralia.es\/#organization","name":"Spiralia","url":"https:\/\/spiralia.es\/","logo":{"@type":"ImageObject","inLanguage":"en-US","@id":"https:\/\/spiralia.es\/#\/schema\/logo\/image\/","url":"https:\/\/spiralia.es\/wp-content\/uploads\/2025\/04\/spiralia-logo-reg.svg","contentUrl":"https:\/\/spiralia.es\/wp-content\/uploads\/2025\/04\/spiralia-logo-reg.svg","width":1,"height":1,"caption":"Spiralia"},"image":{"@id":"https:\/\/spiralia.es\/#\/schema\/logo\/image\/"},"sameAs":["https:\/\/www.instagram.com\/spiraliaevents\/"]}]}},"_links":{"self":[{"href":"https:\/\/spiralia.es\/en\/wp-json\/wp\/v2\/pages\/2218","targetHints":{"allow":["GET"]}}],"collection":[{"href":"https:\/\/spiralia.es\/en\/wp-json\/wp\/v2\/pages"}],"about":[{"href":"https:\/\/spiralia.es\/en\/wp-json\/wp\/v2\/types\/page"}],"author":[{"embeddable":true,"href":"https:\/\/spiralia.es\/en\/wp-json\/wp\/v2\/users\/5"}],"replies":[{"embeddable":true,"href":"https:\/\/spiralia.es\/en\/wp-json\/wp\/v2\/comments?post=2218"}],"version-history":[{"count":7,"href":"https:\/\/spiralia.es\/en\/wp-json\/wp\/v2\/pages\/2218\/revisions"}],"predecessor-version":[{"id":2590,"href":"https:\/\/spiralia.es\/en\/wp-json\/wp\/v2\/pages\/2218\/revisions\/2590"}],"wp:attachment":[{"href":"https:\/\/spiralia.es\/en\/wp-json\/wp\/v2\/media?parent=2218"}],"curies":[{"name":"wp","href":"https:\/\/api.w.org\/{rel}","templated":true}]}}